{"id":649,"date":"2022-03-29T19:04:50","date_gmt":"2022-03-29T17:04:50","guid":{"rendered":"https:\/\/docsherlock.alegorix.dev\/?page_id=649"},"modified":"2022-03-29T19:04:50","modified_gmt":"2022-03-29T17:04:50","slug":"correccion-y-diseno-profesional-envie-su-manuscrito-a-un-editor-con-total-confianza","status":"publish","type":"page","link":"https:\/\/www.docsherlock.com\/es\/correccion-y-diseno-profesional-envie-su-manuscrito-a-un-editor-con-total-confianza\/","title":{"rendered":"Correcci\u00f3n y dise\u00f1o profesional: \u00a1env\u00ede su manuscrito a un editor con total confianza!"},"content":{"rendered":"\n<style type=\"text\/css\" data-created_by=\"avia_inline_auto\" id=\"style-css-av-l1cdvb6y-73dca492b4836fb29a997f81d0ce2646\">\n.avia-section.av-l1cdvb6y-73dca492b4836fb29a997f81d0ce2646 .av-parallax .av-parallax-inner{\nbackground-repeat:no-repeat;\nbackground-image:url(https:\/\/www.docsherlock.com\/wp-content\/uploads\/2022\/02\/desktop5.jpg);\nbackground-position:50% 100%;\nbackground-attachment:scroll;\n}\n<\/style>\n<div id='av_section_1'  class='avia-section av-l1cdvb6y-73dca492b4836fb29a997f81d0ce2646 main_color avia-section-default avia-no-border-styling  avia-builder-el-0  el_before_av_textblock  avia-builder-el-first  av-parallax-section avia-bg-style-parallax av-minimum-height av-minimum-height-50  container_wrap fullsize'  data-section-bg-repeat='no-repeat' data-av_minimum_height_pc='50'><div class='av-parallax' data-avia-parallax-ratio='0.3' ><div class='av-parallax-inner main_color avia-full-stretch'><\/div><\/div><div class='container av-section-cont-open' ><main  role=\"main\" itemprop=\"mainContentOfPage\"  class='template-page content  av-content-full alpha units'><div class='post-entry post-entry-type-page post-entry-649'><div class='entry-content-wrapper clearfix'>\n\n<style type=\"text\/css\" data-created_by=\"avia_inline_auto\" id=\"style-css-av-l1cdw4v4-33e6b61d374d1bf2f65e9d156f3f1dce\">\n#top .av-special-heading.av-l1cdw4v4-33e6b61d374d1bf2f65e9d156f3f1dce{\npadding-bottom:10px;\n}\nbody .av-special-heading.av-l1cdw4v4-33e6b61d374d1bf2f65e9d156f3f1dce .av-special-heading-tag .heading-char{\nfont-size:25px;\n}\n.av-special-heading.av-l1cdw4v4-33e6b61d374d1bf2f65e9d156f3f1dce .av-subheading{\nfont-size:15px;\n}\n<\/style>\n<div  class='av-special-heading av-l1cdw4v4-33e6b61d374d1bf2f65e9d156f3f1dce av-special-heading-h2 blockquote modern-quote  avia-builder-el-1  avia-builder-el-no-sibling '><h2 class='av-special-heading-tag'  itemprop=\"headline\"  >Correcci\u00f3n y dise\u00f1o profesional<\/h2><div class=\"special-heading-border\"><div class=\"special-heading-inner-border\"><\/div><\/div><\/div>\n<\/div><\/div><\/main><!-- close content main element --><\/div><\/div><div id='after_section_1'  class='main_color av_default_container_wrap container_wrap fullsize'  ><div class='container av-section-cont-open' ><div class='template-page content  av-content-full alpha units'><div class='post-entry post-entry-type-page post-entry-649'><div class='entry-content-wrapper clearfix'><section  class='av_textblock_section av-abyoi-fc9e3b73db212f52c1f85f99a099e0d5'  itemscope=\"itemscope\" itemtype=\"https:\/\/schema.org\/CreativeWork\" ><div class='avia_textblock'  itemprop=\"text\" ><p>\u00bfEn sus cajones est\u00e1 dormitando una novela, un ensayo, un manual o cualquier otro texto destinado a ser publicado y quiere enviarlo a una editorial o publicarlo en Internet? Un corrector profesional es un aliado esencial.<\/p>\n<p>Corrijo sus textos para que tenga m\u00e1s posibilidades de ser publicado. La maquetaci\u00f3n se hace en Word para un env\u00edo a una editorial y en InDesign para una autopublicaci\u00f3n.<\/p>\n<h3>Servicios:<\/h3>\n<ul>\n<li>Preparaci\u00f3n del manuscrito (correcci\u00f3n ling\u00fc\u00edstica, lectura ortotipogr\u00e1fica)<\/li>\n<li>Dise\u00f1o y composici\u00f3n en Word (env\u00edo a editoriales)<\/li>\n<li>Dise\u00f1o y composici\u00f3n profesional en InDesign: formaci\u00f3n y dise\u00f1o de interiores, dise\u00f1o de forros (publicaci\u00f3n, autopublicaci\u00f3n\u2026)<\/li>\n<li>Dise\u00f1o de la portada en InDesign<\/li>\n<li>Correcci\u00f3n de pruebas<\/li>\n<li>Elaboraci\u00f3n de libro electr\u00f3nico: conversi\u00f3n a formatos PDF y ePub<\/li>\n<\/ul>\n<p>Las editoriales tienen requisitos especiales para corregir y procesar los textos que reciben. Del mismo modo, en la autopublicaci\u00f3n, su texto debe ajustarse a las normas de publicaci\u00f3n si quiere ser percibido como un texto publicado. Por lo tanto, la edici\u00f3n de manuscritos para su publicaci\u00f3n debe ser mucho m\u00e1s exhaustiva que la edici\u00f3n normal.<\/p>\n<p class=\"has-vivid-green-cyan-color has-text-color has-medium-font-size\"><a href=\"https:\/\/www.docsherlock.com\/es\/contacto\/\">Conf\u00ede en Doc Sherlock, y en su experiencia como editora, para este servicio<\/a>.<\/p>\n<\/div><\/section><\/p>\n","protected":false},"excerpt":{"rendered":"","protected":false},"author":1,"featured_media":812,"parent":0,"menu_order":2,"comment_status":"closed","ping_status":"closed","template":"","meta":{"_monsterinsights_skip_tracking":false,"_monsterinsights_sitenote_active":false,"_monsterinsights_sitenote_note":"","_monsterinsights_sitenote_category":0,"_uf_show_specific_survey":0,"_uf_disable_surveys":false,"footnotes":""},"class_list":["post-649","page","type-page","status-publish","has-post-thumbnail","hentry"],"aioseo_notices":[],"yoast_head":"<!-- This site is optimized with the Yoast SEO plugin v27.6 - https:\/\/yoast.com\/product\/yoast-seo-wordpress\/ -->\n<title>Correcci\u00f3n y dise\u00f1o profesional: \u00a1env\u00ede su manuscrito a un editor con total confianza! - Doc Sherlock | Academic &amp; Publishing Consulting<\/title>\n<meta name=\"robots\" content=\"index, follow, max-snippet:-1, max-image-preview:large, max-video-preview:-1\" \/>\n<link rel=\"canonical\" href=\"https:\/\/www.docsherlock.com\/es\/correccion-y-diseno-profesional-envie-su-manuscrito-a-un-editor-con-total-confianza\/\" \/>\n<meta property=\"og:locale\" content=\"es_ES\" \/>\n<meta property=\"og:type\" content=\"article\" \/>\n<meta property=\"og:title\" content=\"Correcci\u00f3n y dise\u00f1o profesional: \u00a1env\u00ede su manuscrito a un editor con total confianza! - Doc Sherlock | Academic &amp; Publishing Consulting\" \/>\n<meta property=\"og:url\" content=\"https:\/\/www.docsherlock.com\/es\/correccion-y-diseno-profesional-envie-su-manuscrito-a-un-editor-con-total-confianza\/\" \/>\n<meta property=\"og:site_name\" content=\"Doc Sherlock | Academic &amp; Publishing Consulting\" \/>\n<meta property=\"article:publisher\" content=\"https:\/\/www.facebook.com\/doc.sherlock.14\" \/>\n<meta name=\"twitter:card\" content=\"summary_large_image\" \/>\n<meta name=\"twitter:label1\" content=\"Tiempo de lectura\" \/>\n\t<meta name=\"twitter:data1\" content=\"3 minutos\" \/>\n<script type=\"application\/ld+json\" class=\"yoast-schema-graph\">{\"@context\":\"https:\\\/\\\/schema.org\",\"@graph\":[{\"@type\":\"WebPage\",\"@id\":\"https:\\\/\\\/www.docsherlock.com\\\/es\\\/correccion-y-diseno-profesional-envie-su-manuscrito-a-un-editor-con-total-confianza\\\/\",\"url\":\"https:\\\/\\\/www.docsherlock.com\\\/es\\\/correccion-y-diseno-profesional-envie-su-manuscrito-a-un-editor-con-total-confianza\\\/\",\"name\":\"Correcci\u00f3n y dise\u00f1o profesional: \u00a1env\u00ede su manuscrito a un editor con total confianza! - Doc Sherlock | Academic &amp; Publishing Consulting\",\"isPartOf\":{\"@id\":\"https:\\\/\\\/www.docsherlock.com\\\/es\\\/#website\"},\"primaryImageOfPage\":{\"@id\":\"https:\\\/\\\/www.docsherlock.com\\\/es\\\/correccion-y-diseno-profesional-envie-su-manuscrito-a-un-editor-con-total-confianza\\\/#primaryimage\"},\"image\":{\"@id\":\"https:\\\/\\\/www.docsherlock.com\\\/es\\\/correccion-y-diseno-profesional-envie-su-manuscrito-a-un-editor-con-total-confianza\\\/#primaryimage\"},\"thumbnailUrl\":\"https:\\\/\\\/www.docsherlock.com\\\/wp-content\\\/uploads\\\/2022\\\/04\\\/top-view-books-arrangement-scaled.jpg\",\"datePublished\":\"2022-03-29T17:04:50+00:00\",\"breadcrumb\":{\"@id\":\"https:\\\/\\\/www.docsherlock.com\\\/es\\\/correccion-y-diseno-profesional-envie-su-manuscrito-a-un-editor-con-total-confianza\\\/#breadcrumb\"},\"inLanguage\":\"es\",\"potentialAction\":[{\"@type\":\"ReadAction\",\"target\":[\"https:\\\/\\\/www.docsherlock.com\\\/es\\\/correccion-y-diseno-profesional-envie-su-manuscrito-a-un-editor-con-total-confianza\\\/\"]}]},{\"@type\":\"ImageObject\",\"inLanguage\":\"es\",\"@id\":\"https:\\\/\\\/www.docsherlock.com\\\/es\\\/correccion-y-diseno-profesional-envie-su-manuscrito-a-un-editor-con-total-confianza\\\/#primaryimage\",\"url\":\"https:\\\/\\\/www.docsherlock.com\\\/wp-content\\\/uploads\\\/2022\\\/04\\\/top-view-books-arrangement-scaled.jpg\",\"contentUrl\":\"https:\\\/\\\/www.docsherlock.com\\\/wp-content\\\/uploads\\\/2022\\\/04\\\/top-view-books-arrangement-scaled.jpg\",\"width\":2560,\"height\":1440,\"caption\":\"Livres imprim\u00e9s\"},{\"@type\":\"BreadcrumbList\",\"@id\":\"https:\\\/\\\/www.docsherlock.com\\\/es\\\/correccion-y-diseno-profesional-envie-su-manuscrito-a-un-editor-con-total-confianza\\\/#breadcrumb\",\"itemListElement\":[{\"@type\":\"ListItem\",\"position\":1,\"name\":\"Accueil\",\"item\":\"https:\\\/\\\/www.docsherlock.com\\\/es\\\/\"},{\"@type\":\"ListItem\",\"position\":2,\"name\":\"Correcci\u00f3n y dise\u00f1o profesional: \u00a1env\u00ede su manuscrito a un editor con total confianza!\"}]},{\"@type\":\"WebSite\",\"@id\":\"https:\\\/\\\/www.docsherlock.com\\\/es\\\/#website\",\"url\":\"https:\\\/\\\/www.docsherlock.com\\\/es\\\/\",\"name\":\"Doc Sherlock | Academic &amp; Publishing Consulting\",\"description\":\"Augmentez vos chances d&#039;\u00eatre lu et bien lu\",\"publisher\":{\"@id\":\"https:\\\/\\\/www.docsherlock.com\\\/es\\\/#organization\"},\"potentialAction\":[{\"@type\":\"SearchAction\",\"target\":{\"@type\":\"EntryPoint\",\"urlTemplate\":\"https:\\\/\\\/www.docsherlock.com\\\/es\\\/?s={search_term_string}\"},\"query-input\":{\"@type\":\"PropertyValueSpecification\",\"valueRequired\":true,\"valueName\":\"search_term_string\"}}],\"inLanguage\":\"es\"},{\"@type\":\"Organization\",\"@id\":\"https:\\\/\\\/www.docsherlock.com\\\/es\\\/#organization\",\"name\":\"DOCSHERLOCK\",\"url\":\"https:\\\/\\\/www.docsherlock.com\\\/es\\\/\",\"logo\":{\"@type\":\"ImageObject\",\"inLanguage\":\"es\",\"@id\":\"https:\\\/\\\/www.docsherlock.com\\\/es\\\/#\\\/schema\\\/logo\\\/image\\\/\",\"url\":\"https:\\\/\\\/www.docsherlock.com\\\/wp-content\\\/uploads\\\/2022\\\/02\\\/docsherlock.png\",\"contentUrl\":\"https:\\\/\\\/www.docsherlock.com\\\/wp-content\\\/uploads\\\/2022\\\/02\\\/docsherlock.png\",\"width\":380,\"height\":380,\"caption\":\"DOCSHERLOCK\"},\"image\":{\"@id\":\"https:\\\/\\\/www.docsherlock.com\\\/es\\\/#\\\/schema\\\/logo\\\/image\\\/\"},\"sameAs\":[\"https:\\\/\\\/www.facebook.com\\\/doc.sherlock.14\"]}]}<\/script>\n<!-- \/ Yoast SEO plugin. -->","yoast_head_json":{"title":"Correcci\u00f3n y dise\u00f1o profesional: \u00a1env\u00ede su manuscrito a un editor con total confianza! - Doc Sherlock | Academic &amp; Publishing Consulting","robots":{"index":"index","follow":"follow","max-snippet":"max-snippet:-1","max-image-preview":"max-image-preview:large","max-video-preview":"max-video-preview:-1"},"canonical":"https:\/\/www.docsherlock.com\/es\/correccion-y-diseno-profesional-envie-su-manuscrito-a-un-editor-con-total-confianza\/","og_locale":"es_ES","og_type":"article","og_title":"Correcci\u00f3n y dise\u00f1o profesional: \u00a1env\u00ede su manuscrito a un editor con total confianza! - Doc Sherlock | Academic &amp; Publishing Consulting","og_url":"https:\/\/www.docsherlock.com\/es\/correccion-y-diseno-profesional-envie-su-manuscrito-a-un-editor-con-total-confianza\/","og_site_name":"Doc Sherlock | Academic &amp; Publishing Consulting","article_publisher":"https:\/\/www.facebook.com\/doc.sherlock.14","twitter_card":"summary_large_image","twitter_misc":{"Tiempo de lectura":"3 minutos"},"schema":{"@context":"https:\/\/schema.org","@graph":[{"@type":"WebPage","@id":"https:\/\/www.docsherlock.com\/es\/correccion-y-diseno-profesional-envie-su-manuscrito-a-un-editor-con-total-confianza\/","url":"https:\/\/www.docsherlock.com\/es\/correccion-y-diseno-profesional-envie-su-manuscrito-a-un-editor-con-total-confianza\/","name":"Correcci\u00f3n y dise\u00f1o profesional: \u00a1env\u00ede su manuscrito a un editor con total confianza! - Doc Sherlock | Academic &amp; Publishing Consulting","isPartOf":{"@id":"https:\/\/www.docsherlock.com\/es\/#website"},"primaryImageOfPage":{"@id":"https:\/\/www.docsherlock.com\/es\/correccion-y-diseno-profesional-envie-su-manuscrito-a-un-editor-con-total-confianza\/#primaryimage"},"image":{"@id":"https:\/\/www.docsherlock.com\/es\/correccion-y-diseno-profesional-envie-su-manuscrito-a-un-editor-con-total-confianza\/#primaryimage"},"thumbnailUrl":"https:\/\/www.docsherlock.com\/wp-content\/uploads\/2022\/04\/top-view-books-arrangement-scaled.jpg","datePublished":"2022-03-29T17:04:50+00:00","breadcrumb":{"@id":"https:\/\/www.docsherlock.com\/es\/correccion-y-diseno-profesional-envie-su-manuscrito-a-un-editor-con-total-confianza\/#breadcrumb"},"inLanguage":"es","potentialAction":[{"@type":"ReadAction","target":["https:\/\/www.docsherlock.com\/es\/correccion-y-diseno-profesional-envie-su-manuscrito-a-un-editor-con-total-confianza\/"]}]},{"@type":"ImageObject","inLanguage":"es","@id":"https:\/\/www.docsherlock.com\/es\/correccion-y-diseno-profesional-envie-su-manuscrito-a-un-editor-con-total-confianza\/#primaryimage","url":"https:\/\/www.docsherlock.com\/wp-content\/uploads\/2022\/04\/top-view-books-arrangement-scaled.jpg","contentUrl":"https:\/\/www.docsherlock.com\/wp-content\/uploads\/2022\/04\/top-view-books-arrangement-scaled.jpg","width":2560,"height":1440,"caption":"Livres imprim\u00e9s"},{"@type":"BreadcrumbList","@id":"https:\/\/www.docsherlock.com\/es\/correccion-y-diseno-profesional-envie-su-manuscrito-a-un-editor-con-total-confianza\/#breadcrumb","itemListElement":[{"@type":"ListItem","position":1,"name":"Accueil","item":"https:\/\/www.docsherlock.com\/es\/"},{"@type":"ListItem","position":2,"name":"Correcci\u00f3n y dise\u00f1o profesional: \u00a1env\u00ede su manuscrito a un editor con total confianza!"}]},{"@type":"WebSite","@id":"https:\/\/www.docsherlock.com\/es\/#website","url":"https:\/\/www.docsherlock.com\/es\/","name":"Doc Sherlock | Academic &amp; Publishing Consulting","description":"Augmentez vos chances d&#039;\u00eatre lu et bien lu","publisher":{"@id":"https:\/\/www.docsherlock.com\/es\/#organization"},"potentialAction":[{"@type":"SearchAction","target":{"@type":"EntryPoint","urlTemplate":"https:\/\/www.docsherlock.com\/es\/?s={search_term_string}"},"query-input":{"@type":"PropertyValueSpecification","valueRequired":true,"valueName":"search_term_string"}}],"inLanguage":"es"},{"@type":"Organization","@id":"https:\/\/www.docsherlock.com\/es\/#organization","name":"DOCSHERLOCK","url":"https:\/\/www.docsherlock.com\/es\/","logo":{"@type":"ImageObject","inLanguage":"es","@id":"https:\/\/www.docsherlock.com\/es\/#\/schema\/logo\/image\/","url":"https:\/\/www.docsherlock.com\/wp-content\/uploads\/2022\/02\/docsherlock.png","contentUrl":"https:\/\/www.docsherlock.com\/wp-content\/uploads\/2022\/02\/docsherlock.png","width":380,"height":380,"caption":"DOCSHERLOCK"},"image":{"@id":"https:\/\/www.docsherlock.com\/es\/#\/schema\/logo\/image\/"},"sameAs":["https:\/\/www.facebook.com\/doc.sherlock.14"]}]}},"_links":{"self":[{"href":"https:\/\/www.docsherlock.com\/es\/wp-json\/wp\/v2\/pages\/649","targetHints":{"allow":["GET"]}}],"collection":[{"href":"https:\/\/www.docsherlock.com\/es\/wp-json\/wp\/v2\/pages"}],"about":[{"href":"https:\/\/www.docsherlock.com\/es\/wp-json\/wp\/v2\/types\/page"}],"author":[{"embeddable":true,"href":"https:\/\/www.docsherlock.com\/es\/wp-json\/wp\/v2\/users\/1"}],"replies":[{"embeddable":true,"href":"https:\/\/www.docsherlock.com\/es\/wp-json\/wp\/v2\/comments?post=649"}],"version-history":[{"count":2,"href":"https:\/\/www.docsherlock.com\/es\/wp-json\/wp\/v2\/pages\/649\/revisions"}],"predecessor-version":[{"id":651,"href":"https:\/\/www.docsherlock.com\/es\/wp-json\/wp\/v2\/pages\/649\/revisions\/651"}],"wp:featuredmedia":[{"embeddable":true,"href":"https:\/\/www.docsherlock.com\/es\/wp-json\/wp\/v2\/media\/812"}],"wp:attachment":[{"href":"https:\/\/www.docsherlock.com\/es\/wp-json\/wp\/v2\/media?parent=649"}],"curies":[{"name":"wp","href":"https:\/\/api.w.org\/{rel}","templated":true}]}}