{"id":617,"date":"2022-03-29T15:05:48","date_gmt":"2022-03-29T13:05:48","guid":{"rendered":"https:\/\/docsherlock.alegorix.dev\/?page_id=617"},"modified":"2022-06-15T20:16:05","modified_gmt":"2022-06-15T18:16:05","slug":"estrategia-publicacion","status":"publish","type":"page","link":"https:\/\/www.docsherlock.com\/es\/agencia-literaria-para-investigadores\/estrategia-publicacion\/","title":{"rendered":"Estrategia de publicaci\u00f3n"},"content":{"rendered":"\n<style type=\"text\/css\" data-created_by=\"avia_inline_auto\" id=\"style-css-av-l1c59hw0-690adffe4868f2ca7f85b221964a1186\">\n.avia-section.av-l1c59hw0-690adffe4868f2ca7f85b221964a1186 .av-parallax .av-parallax-inner{\nbackground-repeat:no-repeat;\nbackground-image:url(https:\/\/www.docsherlock.com\/wp-content\/uploads\/2022\/05\/IMG_3463-1-1030x773.jpg);\nbackground-position:50% 0%;\nbackground-attachment:scroll;\n}\n<\/style>\n<div id='av_section_1'  class='avia-section av-l1c59hw0-690adffe4868f2ca7f85b221964a1186 main_color avia-section-default avia-no-border-styling  avia-builder-el-0  el_before_av_heading  avia-builder-el-first  av-parallax-section avia-bg-style-parallax av-minimum-height av-minimum-height-50  container_wrap fullsize'  data-section-bg-repeat='no-repeat' data-av_minimum_height_pc='50'><div class='av-parallax' data-avia-parallax-ratio='0.3' ><div class='av-parallax-inner main_color avia-full-stretch'><\/div><\/div><div class='container av-section-cont-open' ><main  role=\"main\" itemprop=\"mainContentOfPage\"  class='template-page content  av-content-full alpha units'><div class='post-entry post-entry-type-page post-entry-617'><div class='entry-content-wrapper clearfix'><\/div><\/div><\/main><!-- close content main element --><\/div><\/div><div id='after_section_1'  class='main_color av_default_container_wrap container_wrap fullsize'  ><div class='container av-section-cont-open' ><div class='template-page content  av-content-full alpha units'><div class='post-entry post-entry-type-page post-entry-617'><div class='entry-content-wrapper clearfix'>\n\n<style type=\"text\/css\" data-created_by=\"avia_inline_auto\" id=\"style-css-av-l1c58ejr-bf8b1bcbb96547ee8fd30d3090ddb2a0\">\n#top .av-special-heading.av-l1c58ejr-bf8b1bcbb96547ee8fd30d3090ddb2a0{\npadding-bottom:10px;\n}\nbody .av-special-heading.av-l1c58ejr-bf8b1bcbb96547ee8fd30d3090ddb2a0 .av-special-heading-tag .heading-char{\nfont-size:25px;\n}\n.av-special-heading.av-l1c58ejr-bf8b1bcbb96547ee8fd30d3090ddb2a0 .av-subheading{\nfont-size:15px;\n}\n<\/style>\n<div  class='av-special-heading av-l1c58ejr-bf8b1bcbb96547ee8fd30d3090ddb2a0 av-special-heading-h2 blockquote modern-quote  avia-builder-el-1  el_after_av_section  el_before_av_textblock  avia-builder-el-first '><h2 class='av-special-heading-tag'  itemprop=\"headline\"  >Agente de autores-investigadores<\/h2><div class=\"special-heading-border\"><div class=\"special-heading-inner-border\"><\/div><\/div><\/div>\n<section  class='av_textblock_section av-kz8l2u92-ef0599f0611b7968ca6584e56703f65d'  itemscope=\"itemscope\" itemtype=\"https:\/\/schema.org\/CreativeWork\" ><div class='avia_textblock'  itemprop=\"text\" ><h3>\u00bfEs usted investigador\u00b7a y quiere publicar los resultados de su investigaci\u00f3n? \u00bfNo sabe d\u00f3nde publicar para que su investigaci\u00f3n sea visible y su publicaci\u00f3n tenga valor en un CV acad\u00e9mico?<\/h3>\n<p>Soy investigadora y editora acad\u00e9mica; conozco tanto el mundo acad\u00e9mico como el mercado de las publicaciones acad\u00e9micas. Represento y defiendo los intereses de los autores y los asesoro en cuestiones cient\u00edficas, t\u00e9cnicas, jur\u00eddicas y financieras. Mis contactos con las editoriales me permiten proponer los proyectos que recibo.<\/p>\n<p>Como agente literaria o de autores-investigadores, represento y defiendo los intereses de los autores y les asesoro en cuestiones cient\u00edficas (c\u00f3mo proponer un proyecto a una editorial), t\u00e9cnicas (c\u00f3mo preparar correctamente un manuscrito desde el punto de vista t\u00e9cnico), legales y financieras (qu\u00e9 condiciones de contrato son aceptables y cu\u00e1les negociables).<\/p>\n<h5>A modo de ejemplo<\/h5>\n<p>Un proyecto bien preparado se lee m\u00e1s r\u00e1pidamente, se acepta m\u00e1s r\u00e1pidamente y se publica m\u00e1s r\u00e1pidamente.<\/p>\n<ul>\n<li>\u00bfCu\u00e1les son los puntos de atenci\u00f3n a los que son sensibles las editoriales?<\/li>\n<li>\u00bfC\u00f3mo estructurar su proyecto para que requiera poca intervenci\u00f3n antes de llegar a la revisi\u00f3n por pares?<\/li>\n<li>\u00bfQu\u00e9 hacer para que el proyecto pase la revisi\u00f3n por pares?<\/li>\n<li>\u00bfC\u00f3mo saber si el proyecto puede tener un p\u00fablico m\u00e1s amplio como lectores?<\/li>\n<li>\u00bfSe pueden insertar art\u00edculos ya publicados?<\/li>\n<li>\u00bfC\u00f3mo preparar el manuscrito desde el punto de vista t\u00e9cnico (idioma, formato, \u00edndice, tabla de contenidos&#8230;)?<\/li>\n<li>\u00bfC\u00f3mo insertar im\u00e1genes, gr\u00e1ficos, ilustraciones, etc. de forma correcta y legal?<\/li>\n<li>\u00bfC\u00f3mo obtener los derechos?<\/li>\n<li>\u00bfC\u00f3mo leer un contrato editorial? \u00bfCu\u00e1les son los puntos negociables?<\/li>\n<\/ul>\n<h3>Conf\u00edenos su proyecto<\/h3>\n<p>Tambi\u00e9n soy una facilitadora: mis contactos con las editoriales me permiten proponerles los proyectos que recibo a trav\u00e9s de este sitio.<\/p>\n<p>Mi especialidad son las humanidades y las ciencias sociales.<\/p>\n<p>\u00bfSuena bien? <a href=\"https:\/\/www.docsherlock.com\/es\/contacto\/\">Cu\u00e9nteme brevemente su proyecto y\/o su solicitud<\/a>. Me pondr\u00e9 en contacto con usted cuanto antes.<\/p>\n<\/div><\/section>\n\n<style type=\"text\/css\" data-created_by=\"avia_inline_auto\" id=\"style-css-av-l3puxzr2-a23a7d07d4990bdbe15939a09d2c58c6\">\n#top .togglecontainer.av-l3puxzr2-a23a7d07d4990bdbe15939a09d2c58c6 p.toggler{\ncolor:#ffffff;\nbackground-color:#d65799;\nborder-color:#d65799;\n}\n#top .togglecontainer.av-l3puxzr2-a23a7d07d4990bdbe15939a09d2c58c6 p.toggler .toggle_icon{\ncolor:#ffffff;\nborder-color:#ffffff;\n}\n#top .togglecontainer.av-l3puxzr2-a23a7d07d4990bdbe15939a09d2c58c6 .toggle_wrap .toggle_content{\ncolor:#ffffff;\nbackground-color:#d65799;\nborder-color:#d65799;\n}\n<\/style>\n<div  class='togglecontainer av-l3puxzr2-a23a7d07d4990bdbe15939a09d2c58c6 av-elegant-toggle  avia-builder-el-3  el_after_av_textblock  el_before_av_hr  toggle_close_all' >\n<section class='av_toggle_section av-l3puxu93-d9de4bb42511ff88835a3ecd0061f6cb'  itemscope=\"itemscope\" itemtype=\"https:\/\/schema.org\/CreativeWork\" ><div role=\"tablist\" class=\"single_toggle\" data-tags=\"{Todo} \"  ><p data-fake-id='#toggle-id-1' class='toggler   av-inherit-font-color hasCustomColor av-inherit-border-color'  itemprop=\"headline\"  role='tab' tabindex='0' aria-controls='toggle-id-1'>Consejos en v\u00eddeo para publicar su tesis doctoral<span class=\"toggle_icon\"><span class=\"vert_icon\"><\/span><span class=\"hor_icon\"><\/span><\/span><\/p><div id='toggle-id-1' class='toggle_wrap  '  ><div class='toggle_content invers-color av-inherit-font-color hasCustomColor av-inherit-border-color'  itemprop=\"text\" ><p>Los futuros y j\u00f3venes doctores que deseen publicar su tesis (y los directores de tesis que deseen acompa\u00f1ar a sus doctorandos) recibir\u00e1n consejos pr\u00e1cticos por correo electr\u00f3nico. [hubspot type=form portal=25819184 id=6c7743a0-0a85-498a-b7e6-df7c2317c67b]<\/p>\n<\/div><\/div><\/div><\/section>\n<\/div>\n<div  class='hr av-av_hr-91d7ccd583a503147498e120fee2ff9b hr-default  avia-builder-el-4  el_after_av_toggle_container  el_before_av_heading '><span class='hr-inner '><span class=\"hr-inner-style\"><\/span><\/span><\/div>\n\n<style type=\"text\/css\" data-created_by=\"avia_inline_auto\" id=\"style-css-av-l4fomjak-029310a558e6636dcae2f0595ab846a9\">\n#top .av-special-heading.av-l4fomjak-029310a558e6636dcae2f0595ab846a9{\npadding-bottom:10px;\n}\nbody .av-special-heading.av-l4fomjak-029310a558e6636dcae2f0595ab846a9 .av-special-heading-tag .heading-char{\nfont-size:25px;\n}\n.av-special-heading.av-l4fomjak-029310a558e6636dcae2f0595ab846a9 .av-subheading{\nfont-size:15px;\n}\n<\/style>\n<div  class='av-special-heading av-l4fomjak-029310a558e6636dcae2f0595ab846a9 av-special-heading-h2  avia-builder-el-5  el_after_av_hr  el_before_av_textblock '><h2 class='av-special-heading-tag'  itemprop=\"headline\"  >Acompa\u00f1amiento a medida, orientado a resultados<\/h2><div class=\"special-heading-border\"><div class=\"special-heading-inner-border\"><\/div><\/div><\/div>\n<section  class='av_textblock_section av-l4foom43-4bc4b339b2cf3d1fde8f7c83addca3a3'  itemscope=\"itemscope\" itemtype=\"https:\/\/schema.org\/CreativeWork\" ><div class='avia_textblock'  itemprop=\"text\" ><h3>Hablemos de su estrategia de publicaci\u00f3n<\/h3>\n<p>Estar\u00e9 encantada de acompa\u00f1arle y proporcionarle las herramientas para crear su estrategia de publicaci\u00f3n (por ejemplo, para conseguir un trabajo o un ascenso), definir sus objetivos y discutir juntos las opciones para alcanzarlos.<\/p>\n<h5>A modo de ejemplo<\/h5>\n<ul>\n<li>\u00bfC\u00f3mo utilizar las publicaciones para aumentar la visibilidad de sutrabajo a la hora de redactar una subvenci\u00f3n (financiaci\u00f3n del ERC, Marie Curie&#8230;) o un proyecto de investigaci\u00f3n?<\/li>\n<li>\u00bfQu\u00e9 editorial elegir? \u00bfSeg\u00fan qu\u00e9 criterios?<\/li>\n<li>\u00bfCu\u00e1ndo publicar art\u00edculos, cu\u00e1ndo publicar un libro?<\/li>\n<li>\u00bfC\u00f3mo utilizar sabiamente Academia.edu y Researchgate.net?<\/li>\n<li>\u00bfC\u00f3mo construir una identidad digital como investigador?<\/li>\n<li>\u00bfC\u00f3mo ser citado?<\/li>\n<\/ul>\n<\/div><\/section>\n<div  class='av-catalogue-container av-l4fos4u1-82d3cdecc14def8b9ed80ed7f02a85f3  avia-builder-el-7  el_after_av_textblock  el_before_av_hr '><ul class='av-catalogue-list'>\n<li><a href=\"https:\/\/www.docsherlock.com\/es\/contacto\/\"  target=\"_blank\"  rel=\"noopener noreferrer\" class='av-catalogue-item av-l4foplao-b633453b7c5ce4a03b83857258fe4ca6'><div class=\"av-catalogue-item-inner\"><div class=\"av-catalogue-title-container\"><div class='av-catalogue-title'>Acompa\u00f1amiento estrategia \"Rompehielos\"<\/div><div class='av-catalogue-price'>0 \u20ac\/$, -<\/div><\/div><div class=\"av-catalogue-content\">\nUna sesi\u00f3n de <em>coaching<\/em> de 30 minutos, sin compromiso, para tomar la temperatura, hacer sus preguntas y vislumbrar el posible camino.<\/p>\n<p>(1 sesi\u00f3n gratuita por persona)<br \/>\n<\/div><\/div><\/a><\/li>\n<li><a href=\"https:\/\/www.docsherlock.com\/es\/contacto\/\"  target=\"_blank\"  rel=\"noopener noreferrer\" class='av-catalogue-item av-l4foqbe1-6074456ff416cc8e6fa6ba76cc76794f'><div class=\"av-catalogue-item-inner\"><div class=\"av-catalogue-title-container\"><div class='av-catalogue-title'>Acompa\u00f1amiento estrategia \"Impulso\"<\/div><div class='av-catalogue-price'>57 \u20ac\/$, -<\/div><\/div><div class=\"av-catalogue-content\">\nDemos un impulso a sus objetivos con 1 hora\/mes.<br \/>\n<\/div><\/div><\/a><\/li>\n<li><a href=\"https:\/\/www.docsherlock.com\/es\/contacto\/\"  target=\"_blank\"  rel=\"noopener noreferrer\" class='av-catalogue-item av-l4for5ph-b93f3b0f8704aa5360054b2c3a2777fb'><div class=\"av-catalogue-item-inner\"><div class=\"av-catalogue-title-container\"><div class='av-catalogue-title'>Acompa\u00f1amiento estrategia \"Serenidad\"<\/div><div class='av-catalogue-price'>97 \u20ac\/$, -<\/div><\/div><div class=\"av-catalogue-content\">\nAvancemos hacia sus objetivos con serenidad con 2 horas\/mes.<br \/>\n<\/div><\/div><\/a><\/li>\n<li><a href=\"https:\/\/www.docsherlock.com\/es\/contacto\/\"  target=\"_blank\"  rel=\"noopener noreferrer\" class='av-catalogue-item av-l4fort8x-cd93f77005dc4c23cd9266ebe63019af'><div class=\"av-catalogue-item-inner\"><div class=\"av-catalogue-title-container\"><div class='av-catalogue-title'>Acompa\u00f1amiento estrategia \"Intensidad\"<\/div><div class='av-catalogue-price'>197 \u20ac\/$, -<\/div><\/div><div class=\"av-catalogue-content\">\nAvancemos hacia sus objetivos con 2 horas\/mes y respuestas ilimitadas por correo electr\u00f3nico o WhatsApp.<br \/>\n<\/div><\/div><\/a><\/li>\n<\/ul><\/div>\n<div  class='hr av-av_hr-91d7ccd583a503147498e120fee2ff9b hr-default  avia-builder-el-8  el_after_av_catalogue  el_before_av_heading '><span class='hr-inner '><span class=\"hr-inner-style\"><\/span><\/span><\/div>\n\n<style type=\"text\/css\" data-created_by=\"avia_inline_auto\" id=\"style-css-av-l2x9md1e-24f74d7fd3c2c6e2cc225644a269e6b9\">\n#top .av-special-heading.av-l2x9md1e-24f74d7fd3c2c6e2cc225644a269e6b9{\npadding-bottom:10px;\n}\nbody .av-special-heading.av-l2x9md1e-24f74d7fd3c2c6e2cc225644a269e6b9 .av-special-heading-tag .heading-char{\nfont-size:25px;\n}\n.av-special-heading.av-l2x9md1e-24f74d7fd3c2c6e2cc225644a269e6b9 .av-subheading{\nfont-size:15px;\n}\n<\/style>\n<div  class='av-special-heading av-l2x9md1e-24f74d7fd3c2c6e2cc225644a269e6b9 av-special-heading-h2  avia-builder-el-9  el_after_av_hr  el_before_av_textblock '><h2 class='av-special-heading-tag'  itemprop=\"headline\"  >Mis puntos fuertes<\/h2><div class=\"special-heading-border\"><div class=\"special-heading-inner-border\"><\/div><\/div><\/div>\n<section  class='av_textblock_section av-l2x9nx15-d0c0904ed8d64708469ec1c7eb24eeee'  itemscope=\"itemscope\" itemtype=\"https:\/\/schema.org\/CreativeWork\" ><div class='avia_textblock'  itemprop=\"text\" ><p>Soy investigadora y editora acad\u00e9mica, por lo que conozco tanto el mundo acad\u00e9mico como el mercado de las publicaciones acad\u00e9micas.<\/p>\n<p>Como investigadora, tengo unas <a href=\"https:\/\/dial.uclouvain.be\/pr\/boreal\/en\/search\/site\/pagacz?f%5B0%5D=sm_creator%3APagacz%2C%20Laurence\">30 publicaciones en mi curr\u00edculo<\/a>: 14 art\u00edculos en revistas revisadas por pares, 8 conferencias, 6 cap\u00edtulos de libros, 3 libros y 1 traducci\u00f3n de libros.<\/p>\n<p>Como directora editorial, he estado a cargo de la publicaci\u00f3n de m\u00e1s de 300 libros y he sido responsable de un cat\u00e1logo de m\u00e1s de 2600 t\u00edtulos y 80 colecciones en cuatro idiomas (franc\u00e9s, ingl\u00e9s, espa\u00f1ol e italiano).<\/p>\n<p>Una de mis principales \u00e1reas de inter\u00e9s es la difusi\u00f3n del conocimiento de acceso abierto.<\/p>\n<\/div><\/section>\n<\/div><\/div><\/div><!-- close content main div --><\/div><\/div>\n<style type=\"text\/css\" data-created_by=\"avia_inline_auto\" id=\"style-css-av-l1c59y22-2d7b3613f1ac3f799547d745e1473098\">\n.avia-section.av-l1c59y22-2d7b3613f1ac3f799547d745e1473098 .av-parallax .av-parallax-inner{\nbackground-repeat:no-repeat;\nbackground-image:url(https:\/\/www.docsherlock.com\/wp-content\/uploads\/2022\/05\/IMG_3463-1-1030x773.jpg);\nbackground-position:50% 100%;\nbackground-attachment:scroll;\n}\n<\/style>\n<div id='av_section_2'  class='avia-section av-l1c59y22-2d7b3613f1ac3f799547d745e1473098 main_color avia-section-default avia-no-border-styling  avia-builder-el-11  el_after_av_textblock  el_before_av_textblock  av-parallax-section avia-bg-style-parallax av-minimum-height av-minimum-height-50  container_wrap fullsize'  data-section-bg-repeat='no-repeat' data-av_minimum_height_pc='50'><div class='av-parallax' data-avia-parallax-ratio='0.3' ><div class='av-parallax-inner main_color avia-full-stretch'><\/div><\/div><div class='container av-section-cont-open' ><div class='template-page content  av-content-full alpha units'><div class='post-entry post-entry-type-page post-entry-617'><div class='entry-content-wrapper clearfix'><\/div><\/div><\/div><!-- close content main div --><\/div><\/div><div id='after_section_2'  class='main_color av_default_container_wrap container_wrap fullsize'  ><div class='container av-section-cont-open' ><div class='template-page content  av-content-full alpha units'><div class='post-entry post-entry-type-page post-entry-617'><div class='entry-content-wrapper clearfix'>\n<section  class='av_textblock_section av-l1cl2nyw-d60d611df1dda69b4be78ed794ba06ad'  itemscope=\"itemscope\" itemtype=\"https:\/\/schema.org\/CreativeWork\" ><div class='avia_textblock'  itemprop=\"text\" ><\/div><\/section>\n","protected":false},"excerpt":{"rendered":"","protected":false},"author":1,"featured_media":0,"parent":1043,"menu_order":1,"comment_status":"open","ping_status":"closed","template":"","meta":{"_monsterinsights_skip_tracking":false,"_monsterinsights_sitenote_active":false,"_monsterinsights_sitenote_note":"","_monsterinsights_sitenote_category":0,"_uf_show_specific_survey":0,"_uf_disable_surveys":false,"footnotes":""},"class_list":["post-617","page","type-page","status-publish","hentry"],"aioseo_notices":[],"yoast_head":"<!-- This site is optimized with the Yoast SEO plugin v27.6 - https:\/\/yoast.com\/product\/yoast-seo-wordpress\/ -->\n<title>Estrategia de publicaci\u00f3n - Doc Sherlock | Academic &amp; Publishing Consulting<\/title>\n<meta name=\"robots\" content=\"index, follow, max-snippet:-1, max-image-preview:large, max-video-preview:-1\" \/>\n<link rel=\"canonical\" href=\"https:\/\/www.docsherlock.com\/es\/agencia-literaria-para-investigadores\/estrategia-publicacion\/\" \/>\n<meta property=\"og:locale\" content=\"es_ES\" \/>\n<meta property=\"og:type\" content=\"article\" \/>\n<meta property=\"og:title\" content=\"Estrategia de publicaci\u00f3n - Doc Sherlock | Academic &amp; Publishing Consulting\" \/>\n<meta property=\"og:url\" content=\"https:\/\/www.docsherlock.com\/es\/agencia-literaria-para-investigadores\/estrategia-publicacion\/\" \/>\n<meta property=\"og:site_name\" content=\"Doc Sherlock | Academic &amp; Publishing Consulting\" \/>\n<meta property=\"article:publisher\" content=\"https:\/\/www.facebook.com\/doc.sherlock.14\" \/>\n<meta property=\"article:modified_time\" content=\"2022-06-15T18:16:05+00:00\" \/>\n<meta name=\"twitter:card\" content=\"summary_large_image\" \/>\n<meta name=\"twitter:label1\" content=\"Tiempo de lectura\" \/>\n\t<meta name=\"twitter:data1\" content=\"4 minutos\" \/>\n<script type=\"application\/ld+json\" class=\"yoast-schema-graph\">{\"@context\":\"https:\\\/\\\/schema.org\",\"@graph\":[{\"@type\":\"WebPage\",\"@id\":\"https:\\\/\\\/www.docsherlock.com\\\/es\\\/agencia-literaria-para-investigadores\\\/estrategia-publicacion\\\/\",\"url\":\"https:\\\/\\\/www.docsherlock.com\\\/es\\\/agencia-literaria-para-investigadores\\\/estrategia-publicacion\\\/\",\"name\":\"Estrategia de publicaci\u00f3n - Doc Sherlock | Academic &amp; Publishing Consulting\",\"isPartOf\":{\"@id\":\"https:\\\/\\\/www.docsherlock.com\\\/es\\\/#website\"},\"datePublished\":\"2022-03-29T13:05:48+00:00\",\"dateModified\":\"2022-06-15T18:16:05+00:00\",\"breadcrumb\":{\"@id\":\"https:\\\/\\\/www.docsherlock.com\\\/es\\\/agencia-literaria-para-investigadores\\\/estrategia-publicacion\\\/#breadcrumb\"},\"inLanguage\":\"es\",\"potentialAction\":[{\"@type\":\"ReadAction\",\"target\":[\"https:\\\/\\\/www.docsherlock.com\\\/es\\\/agencia-literaria-para-investigadores\\\/estrategia-publicacion\\\/\"]}]},{\"@type\":\"BreadcrumbList\",\"@id\":\"https:\\\/\\\/www.docsherlock.com\\\/es\\\/agencia-literaria-para-investigadores\\\/estrategia-publicacion\\\/#breadcrumb\",\"itemListElement\":[{\"@type\":\"ListItem\",\"position\":1,\"name\":\"Accueil\",\"item\":\"https:\\\/\\\/www.docsherlock.com\\\/es\\\/\"},{\"@type\":\"ListItem\",\"position\":2,\"name\":\"Agencia literaria para investigadores\",\"item\":\"https:\\\/\\\/www.docsherlock.com\\\/es\\\/agencia-literaria-para-investigadores\\\/\"},{\"@type\":\"ListItem\",\"position\":3,\"name\":\"Estrategia de publicaci\u00f3n\"}]},{\"@type\":\"WebSite\",\"@id\":\"https:\\\/\\\/www.docsherlock.com\\\/es\\\/#website\",\"url\":\"https:\\\/\\\/www.docsherlock.com\\\/es\\\/\",\"name\":\"Doc Sherlock | Academic &amp; Publishing Consulting\",\"description\":\"Augmentez vos chances d&#039;\u00eatre lu et bien lu\",\"publisher\":{\"@id\":\"https:\\\/\\\/www.docsherlock.com\\\/es\\\/#organization\"},\"potentialAction\":[{\"@type\":\"SearchAction\",\"target\":{\"@type\":\"EntryPoint\",\"urlTemplate\":\"https:\\\/\\\/www.docsherlock.com\\\/es\\\/?s={search_term_string}\"},\"query-input\":{\"@type\":\"PropertyValueSpecification\",\"valueRequired\":true,\"valueName\":\"search_term_string\"}}],\"inLanguage\":\"es\"},{\"@type\":\"Organization\",\"@id\":\"https:\\\/\\\/www.docsherlock.com\\\/es\\\/#organization\",\"name\":\"DOCSHERLOCK\",\"url\":\"https:\\\/\\\/www.docsherlock.com\\\/es\\\/\",\"logo\":{\"@type\":\"ImageObject\",\"inLanguage\":\"es\",\"@id\":\"https:\\\/\\\/www.docsherlock.com\\\/es\\\/#\\\/schema\\\/logo\\\/image\\\/\",\"url\":\"https:\\\/\\\/www.docsherlock.com\\\/wp-content\\\/uploads\\\/2022\\\/02\\\/docsherlock.png\",\"contentUrl\":\"https:\\\/\\\/www.docsherlock.com\\\/wp-content\\\/uploads\\\/2022\\\/02\\\/docsherlock.png\",\"width\":380,\"height\":380,\"caption\":\"DOCSHERLOCK\"},\"image\":{\"@id\":\"https:\\\/\\\/www.docsherlock.com\\\/es\\\/#\\\/schema\\\/logo\\\/image\\\/\"},\"sameAs\":[\"https:\\\/\\\/www.facebook.com\\\/doc.sherlock.14\"]}]}<\/script>\n<!-- \/ Yoast SEO plugin. -->","yoast_head_json":{"title":"Estrategia de publicaci\u00f3n - Doc Sherlock | Academic &amp; Publishing Consulting","robots":{"index":"index","follow":"follow","max-snippet":"max-snippet:-1","max-image-preview":"max-image-preview:large","max-video-preview":"max-video-preview:-1"},"canonical":"https:\/\/www.docsherlock.com\/es\/agencia-literaria-para-investigadores\/estrategia-publicacion\/","og_locale":"es_ES","og_type":"article","og_title":"Estrategia de publicaci\u00f3n - Doc Sherlock | Academic &amp; Publishing Consulting","og_url":"https:\/\/www.docsherlock.com\/es\/agencia-literaria-para-investigadores\/estrategia-publicacion\/","og_site_name":"Doc Sherlock | Academic &amp; Publishing Consulting","article_publisher":"https:\/\/www.facebook.com\/doc.sherlock.14","article_modified_time":"2022-06-15T18:16:05+00:00","twitter_card":"summary_large_image","twitter_misc":{"Tiempo de lectura":"4 minutos"},"schema":{"@context":"https:\/\/schema.org","@graph":[{"@type":"WebPage","@id":"https:\/\/www.docsherlock.com\/es\/agencia-literaria-para-investigadores\/estrategia-publicacion\/","url":"https:\/\/www.docsherlock.com\/es\/agencia-literaria-para-investigadores\/estrategia-publicacion\/","name":"Estrategia de publicaci\u00f3n - Doc Sherlock | Academic &amp; Publishing Consulting","isPartOf":{"@id":"https:\/\/www.docsherlock.com\/es\/#website"},"datePublished":"2022-03-29T13:05:48+00:00","dateModified":"2022-06-15T18:16:05+00:00","breadcrumb":{"@id":"https:\/\/www.docsherlock.com\/es\/agencia-literaria-para-investigadores\/estrategia-publicacion\/#breadcrumb"},"inLanguage":"es","potentialAction":[{"@type":"ReadAction","target":["https:\/\/www.docsherlock.com\/es\/agencia-literaria-para-investigadores\/estrategia-publicacion\/"]}]},{"@type":"BreadcrumbList","@id":"https:\/\/www.docsherlock.com\/es\/agencia-literaria-para-investigadores\/estrategia-publicacion\/#breadcrumb","itemListElement":[{"@type":"ListItem","position":1,"name":"Accueil","item":"https:\/\/www.docsherlock.com\/es\/"},{"@type":"ListItem","position":2,"name":"Agencia literaria para investigadores","item":"https:\/\/www.docsherlock.com\/es\/agencia-literaria-para-investigadores\/"},{"@type":"ListItem","position":3,"name":"Estrategia de publicaci\u00f3n"}]},{"@type":"WebSite","@id":"https:\/\/www.docsherlock.com\/es\/#website","url":"https:\/\/www.docsherlock.com\/es\/","name":"Doc Sherlock | Academic &amp; Publishing Consulting","description":"Augmentez vos chances d&#039;\u00eatre lu et bien lu","publisher":{"@id":"https:\/\/www.docsherlock.com\/es\/#organization"},"potentialAction":[{"@type":"SearchAction","target":{"@type":"EntryPoint","urlTemplate":"https:\/\/www.docsherlock.com\/es\/?s={search_term_string}"},"query-input":{"@type":"PropertyValueSpecification","valueRequired":true,"valueName":"search_term_string"}}],"inLanguage":"es"},{"@type":"Organization","@id":"https:\/\/www.docsherlock.com\/es\/#organization","name":"DOCSHERLOCK","url":"https:\/\/www.docsherlock.com\/es\/","logo":{"@type":"ImageObject","inLanguage":"es","@id":"https:\/\/www.docsherlock.com\/es\/#\/schema\/logo\/image\/","url":"https:\/\/www.docsherlock.com\/wp-content\/uploads\/2022\/02\/docsherlock.png","contentUrl":"https:\/\/www.docsherlock.com\/wp-content\/uploads\/2022\/02\/docsherlock.png","width":380,"height":380,"caption":"DOCSHERLOCK"},"image":{"@id":"https:\/\/www.docsherlock.com\/es\/#\/schema\/logo\/image\/"},"sameAs":["https:\/\/www.facebook.com\/doc.sherlock.14"]}]}},"_links":{"self":[{"href":"https:\/\/www.docsherlock.com\/es\/wp-json\/wp\/v2\/pages\/617","targetHints":{"allow":["GET"]}}],"collection":[{"href":"https:\/\/www.docsherlock.com\/es\/wp-json\/wp\/v2\/pages"}],"about":[{"href":"https:\/\/www.docsherlock.com\/es\/wp-json\/wp\/v2\/types\/page"}],"author":[{"embeddable":true,"href":"https:\/\/www.docsherlock.com\/es\/wp-json\/wp\/v2\/users\/1"}],"replies":[{"embeddable":true,"href":"https:\/\/www.docsherlock.com\/es\/wp-json\/wp\/v2\/comments?post=617"}],"version-history":[{"count":13,"href":"https:\/\/www.docsherlock.com\/es\/wp-json\/wp\/v2\/pages\/617\/revisions"}],"predecessor-version":[{"id":1106,"href":"https:\/\/www.docsherlock.com\/es\/wp-json\/wp\/v2\/pages\/617\/revisions\/1106"}],"up":[{"embeddable":true,"href":"https:\/\/www.docsherlock.com\/es\/wp-json\/wp\/v2\/pages\/1043"}],"wp:attachment":[{"href":"https:\/\/www.docsherlock.com\/es\/wp-json\/wp\/v2\/media?parent=617"}],"curies":[{"name":"wp","href":"https:\/\/api.w.org\/{rel}","templated":true}]}}