{"id":1060,"date":"2022-06-05T16:46:15","date_gmt":"2022-06-05T14:46:15","guid":{"rendered":"https:\/\/www.docsherlock.com\/?page_id=1060"},"modified":"2022-06-15T20:14:50","modified_gmt":"2022-06-15T18:14:50","slug":"carrera-despues-de-la-tesis","status":"publish","type":"page","link":"https:\/\/www.docsherlock.com\/es\/agencia-literaria-para-investigadores\/carrera-despues-de-la-tesis\/","title":{"rendered":"Carrera despu\u00e9s de la tesis"},"content":{"rendered":"\n<style type=\"text\/css\" data-created_by=\"avia_inline_auto\" id=\"style-css-av-l3os28si-7ebcdcf8841f48707fdd65eb254860dc\">\n.avia-section.av-l3os28si-7ebcdcf8841f48707fdd65eb254860dc .av-parallax .av-parallax-inner{\nbackground-repeat:no-repeat;\nbackground-image:url(https:\/\/www.docsherlock.com\/wp-content\/uploads\/2022\/05\/gear-2000630_640.jpg);\nbackground-position:50% 50%;\nbackground-attachment:scroll;\n}\n<\/style>\n<div id='av_section_1'  class='avia-section av-l3os28si-7ebcdcf8841f48707fdd65eb254860dc main_color avia-section-default avia-no-border-styling  avia-builder-el-0  el_before_av_heading  avia-builder-el-first  av-parallax-section avia-bg-style-parallax av-minimum-height av-minimum-height-50  container_wrap fullsize'  data-section-bg-repeat='no-repeat' data-av_minimum_height_pc='50'><div class='av-parallax' data-avia-parallax-ratio='0.3' ><div class='av-parallax-inner main_color avia-full-stretch'><\/div><\/div><div class='container av-section-cont-open' ><main  role=\"main\" itemprop=\"mainContentOfPage\"  class='template-page content  av-content-full alpha units'><div class='post-entry post-entry-type-page post-entry-1060'><div class='entry-content-wrapper clearfix'><\/div><\/div><\/main><!-- close content main element --><\/div><\/div><div id='after_section_1'  class='main_color av_default_container_wrap container_wrap fullsize'  ><div class='container av-section-cont-open' ><div class='template-page content  av-content-full alpha units'><div class='post-entry post-entry-type-page post-entry-1060'><div class='entry-content-wrapper clearfix'>\n\n<style type=\"text\/css\" data-created_by=\"avia_inline_auto\" id=\"style-css-av-l3os0s2i-693549a5784ed9d37cdfa92115971457\">\n#top .av-special-heading.av-l3os0s2i-693549a5784ed9d37cdfa92115971457{\npadding-bottom:10px;\n}\nbody .av-special-heading.av-l3os0s2i-693549a5784ed9d37cdfa92115971457 .av-special-heading-tag .heading-char{\nfont-size:25px;\n}\n.av-special-heading.av-l3os0s2i-693549a5784ed9d37cdfa92115971457 .av-subheading{\nfont-size:15px;\n}\n<\/style>\n<div  class='av-special-heading av-l3os0s2i-693549a5784ed9d37cdfa92115971457 av-special-heading-h2  avia-builder-el-1  el_after_av_section  el_before_av_textblock  avia-builder-el-first '><h2 class='av-special-heading-tag'  itemprop=\"headline\"  >\u00bfUn trabajo despu\u00e9s de la tesis?<\/h2><div class=\"special-heading-border\"><div class=\"special-heading-inner-border\"><\/div><\/div><\/div>\n<section  class='av_textblock_section av-l3oscy7j-fc60a01eb7ce617165bf6b4265af1531'  itemscope=\"itemscope\" itemtype=\"https:\/\/schema.org\/CreativeWork\" ><div class='avia_textblock'  itemprop=\"text\" ><p>Construir una carrera fuera de la universidad no es f\u00e1cil, en el sentido de que la cantidad de informaci\u00f3n e incentivos que se dan durante el doctorado sobre las oportunidades no acad\u00e9micas es inversamente proporcional a las posibilidades de hacer carrera en la universidad (entre el 1% y el 7% obtienen un trabajo permanente, a menudo tras largos a\u00f1os de inseguridad profesional).<\/p>\n<p>Pero las posibilidades son realmente infinitas, en todos los sectores: privado, p\u00fablico, empresarial&#8230;\u00a0Las competencias desarrolladas por los investigadores tienen una utilidad \u00fanica para los empleadores y para la sociedad en su conjunto.<\/p>\n<p>\u00abS\u00f3lo\u00bb necesitan ser traducidas.<\/p>\n<\/div><\/section>\n<div  class='avia-button-wrap avia-button-center  avia-builder-el-3  el_after_av_textblock  el_before_av_heading ' ><a href='https:\/\/docsherlock-25819184.hubspotpagebuilder.eu\/emploi-apr%C3%A8s-th%C3%A8se-0'  class='avia-button av-l3ososzp-e41166fd9244e55c695c90647fe87311 avia-icon_select-no avia-size-large avia-position-center avia-color-pink' ><span class='avia_iconbox_title' >\u00bfUn trabajo despu\u00e9s de la tesis? \u00a1Descubra los 6 pasos aqu\u00ed!<\/span><\/a><\/div>\n\n<style type=\"text\/css\" data-created_by=\"avia_inline_auto\" id=\"style-css-av-l4foehzh-ae3346525614764a3522fa0117a3765d\">\n#top .av-special-heading.av-l4foehzh-ae3346525614764a3522fa0117a3765d{\npadding-bottom:10px;\n}\nbody .av-special-heading.av-l4foehzh-ae3346525614764a3522fa0117a3765d .av-special-heading-tag .heading-char{\nfont-size:25px;\n}\n.av-special-heading.av-l4foehzh-ae3346525614764a3522fa0117a3765d .av-subheading{\nfont-size:15px;\n}\n<\/style>\n<div  class='av-special-heading av-l4foehzh-ae3346525614764a3522fa0117a3765d av-special-heading-h2  avia-builder-el-4  el_after_av_button  el_before_av_textblock '><h2 class='av-special-heading-tag'  itemprop=\"headline\"  >Mis puntos fuertes<\/h2><div class=\"special-heading-border\"><div class=\"special-heading-inner-border\"><\/div><\/div><\/div>\n<section  class='av_textblock_section av-l4fohw2v-2bf4d66bbf31d228f9f78d1dd0e64fcc'  itemscope=\"itemscope\" itemtype=\"https:\/\/schema.org\/CreativeWork\" ><div class='avia_textblock'  itemprop=\"text\" ><p>Las etapas de mi CV en muy, muy resumido: profesora, investigadora, directora de una empresa muy peque\u00f1a, independiente y funcionaria. Por lo tanto, estoy familiarizada con el mundo acad\u00e9mico como investigadora, el sector privado como directora de empresa, el esp\u00edritu empresarial y el sector p\u00fablico.<\/p>\n<p>Como investigadora, tengo una <a href=\"https:\/\/dial.uclouvain.be\/pr\/boreal\/en\/search\/site\/pagacz?f%5B0%5D=sm_creator%3APagacz%2C%20Laurence\">treintena de publicaciones<\/a>: 14 art\u00edculos en revistas revisadas por pares, 8 conferencias, 6 cap\u00edtulos de libros, 3 libros y 1 traducci\u00f3n de libros.<\/p>\n<p>Como editora acad\u00e9mica, he estado a cargo de la publicaci\u00f3n de m\u00e1s de 300 libros y he sido responsable de un cat\u00e1logo de m\u00e1s de 2600 t\u00edtulos y 80 colecciones en cuatro idiomas (franc\u00e9s, ingl\u00e9s, espa\u00f1ol e italiano). He sido directora de una sucursal con todos los aspectos que conlleva: presupuesto, plan de negocio, recursos humanos, contrataci\u00f3n&#8230;<\/p>\n<p>Como empresaria, tengo dos empresas muy peque\u00f1as en mi haber.<\/p>\n<p>Como funcionaria, conozco el aspecto del \u00abservicio al p\u00fablico\u00bb, que es diferente del \u00abservicio al cliente\u00bb en el sector privado.<\/p>\n<h5><strong>El hilo conductor de mi carrera es la transmisi\u00f3n y el intercambio de pr\u00e1cticas y experiencias.<\/strong><\/h5>\n<\/div><\/section>\n\n<style type=\"text\/css\" data-created_by=\"avia_inline_auto\" id=\"style-css-av-l4fo6nh4-e4b2d7c6d1e0ca040dfd573c001c5175\">\n#top .av-special-heading.av-l4fo6nh4-e4b2d7c6d1e0ca040dfd573c001c5175{\npadding-bottom:10px;\n}\nbody .av-special-heading.av-l4fo6nh4-e4b2d7c6d1e0ca040dfd573c001c5175 .av-special-heading-tag .heading-char{\nfont-size:25px;\n}\n.av-special-heading.av-l4fo6nh4-e4b2d7c6d1e0ca040dfd573c001c5175 .av-subheading{\nfont-size:15px;\n}\n<\/style>\n<div  class='av-special-heading av-l4fo6nh4-e4b2d7c6d1e0ca040dfd573c001c5175 av-special-heading-h2  avia-builder-el-6  el_after_av_textblock  el_before_av_textblock '><h2 class='av-special-heading-tag'  itemprop=\"headline\"  >Acompa\u00f1amiento a medida, orientado a los resultados<\/h2><div class=\"special-heading-border\"><div class=\"special-heading-inner-border\"><\/div><\/div><\/div>\n<section  class='av_textblock_section av-l4fo8el5-d4e7dc74c7e086f61827c39dfde58656'  itemscope=\"itemscope\" itemtype=\"https:\/\/schema.org\/CreativeWork\" ><div class='avia_textblock'  itemprop=\"text\" ><p>\u00bfNo est\u00e1 seguro de lo que valen sus habilidades? \u00bfNo sabe por d\u00f3nde empezar a buscar trabajo? \u00bfNo conoce a nadie como usted que entienda lo que significa ser un investigador en busca de un empleo?<\/p>\n<p>Habiendo realizado yo mismo varias transiciones profesionales, y desde una disciplina que no se considera \u00ab\u00fatil\u00bb, la literatura, estar\u00e9 encantada de acompa\u00f1arle y proporcionarle herramientas para orientarse en este nuevo mundo, definir sus objetivos y discutir juntos las opciones para alcanzarlos.<\/p>\n<\/div><\/section>\n<div  class='av-catalogue-container av-l4foc3lr-87c37511f2e7e24b710fd3e56bba17f3  avia-builder-el-8  el_after_av_textblock  avia-builder-el-last '><ul class='av-catalogue-list'>\n<li><a href=\"https:\/\/www.docsherlock.com\/es\/contacto\/\"  target=\"_blank\"  rel=\"noopener noreferrer\" class='av-catalogue-item av-l4fo9qpx-72827f3d4761a5854d1523ba4f6af92a'><div class=\"av-catalogue-item-inner\"><div class=\"av-catalogue-title-container\"><div class='av-catalogue-title'>Acompa\u00f1amiento carrera \"Rompehielos\"<\/div><div class='av-catalogue-price'>0 \u20ac\/$, -<\/div><\/div><div class=\"av-catalogue-content\">\nUna sesi\u00f3n de <em>coaching<\/em> de 30 minutos, sin compromiso, para tomar la temperatura, hacer sus preguntas y vislumbrar el posible camino.<\/p>\n<p>(1 sesi\u00f3n gratuita por persona)<br \/>\n<\/div><\/div><\/a><\/li>\n<li><a href=\"https:\/\/www.docsherlock.com\/es\/contacto\/\"  target=\"_blank\"  rel=\"noopener noreferrer\" class='av-catalogue-item av-l4foasqa-bb335e780f0bb32d729c2ef5fd1b421e'><div class=\"av-catalogue-item-inner\"><div class=\"av-catalogue-title-container\"><div class='av-catalogue-title'>Acompa\u00f1amiento carrera \"Impulso\"<\/div><div class='av-catalogue-price'>57 \u20ac\/$, -<\/div><\/div><div class=\"av-catalogue-content\">\nDemos un impulso a sus objetivos con 1 hora\/mes.<br \/>\n<\/div><\/div><\/a><\/li>\n<li><a href=\"https:\/\/www.docsherlock.com\/es\/contacto\/\"  target=\"_blank\"  rel=\"noopener noreferrer\" class='av-catalogue-item av-l4fobhv1-1f7088b329f7a6b0364e5400dc7eb168'><div class=\"av-catalogue-item-inner\"><div class=\"av-catalogue-title-container\"><div class='av-catalogue-title'>Acompa\u00f1amiento carrera \"Serenidad\"<\/div><div class='av-catalogue-price'>97 \u20ac\/$, -<\/div><\/div><div class=\"av-catalogue-content\">\nAvancemos hacia sus objetivos con serenidad con 2 horas\/mes.<br \/>\n<\/div><\/div><\/a><\/li>\n<li><a href=\"https:\/\/www.docsherlock.com\/es\/contacto\/\"  target=\"_blank\"  rel=\"noopener noreferrer\" class='av-catalogue-item av-l4foc1fp-28ffb96fb5499f0b7b63b4895dd43df7'><div class=\"av-catalogue-item-inner\"><div class=\"av-catalogue-title-container\"><div class='av-catalogue-title'>Acompa\u00f1amiento carrera \"Intensidad\"<\/div><div class='av-catalogue-price'>197 \u20ac\/$, -<\/div><\/div><div class=\"av-catalogue-content\">\nAvancemos hacia sus objetivos con 2 horas\/mes y respuestas ilimitadas por correo electr\u00f3nico o WhatsApp.<br \/>\n<\/div><\/div><\/a><\/li>\n<\/ul><\/div>\n","protected":false},"excerpt":{"rendered":"","protected":false},"author":2,"featured_media":0,"parent":1043,"menu_order":2,"comment_status":"closed","ping_status":"closed","template":"","meta":{"_monsterinsights_skip_tracking":false,"_monsterinsights_sitenote_active":false,"_monsterinsights_sitenote_note":"","_monsterinsights_sitenote_category":0,"_uf_show_specific_survey":0,"_uf_disable_surveys":false,"footnotes":""},"class_list":["post-1060","page","type-page","status-publish","hentry"],"aioseo_notices":[],"yoast_head":"<!-- This site is optimized with the Yoast SEO plugin v27.6 - https:\/\/yoast.com\/product\/yoast-seo-wordpress\/ -->\n<title>Carrera despu\u00e9s de la tesis - Doc Sherlock | Academic &amp; Publishing Consulting<\/title>\n<meta name=\"robots\" content=\"index, follow, max-snippet:-1, max-image-preview:large, max-video-preview:-1\" \/>\n<link rel=\"canonical\" href=\"https:\/\/www.docsherlock.com\/es\/agencia-literaria-para-investigadores\/carrera-despues-de-la-tesis\/\" \/>\n<meta property=\"og:locale\" content=\"es_ES\" \/>\n<meta property=\"og:type\" content=\"article\" \/>\n<meta property=\"og:title\" content=\"Carrera despu\u00e9s de la tesis - Doc Sherlock | Academic &amp; Publishing Consulting\" \/>\n<meta property=\"og:url\" content=\"https:\/\/www.docsherlock.com\/es\/agencia-literaria-para-investigadores\/carrera-despues-de-la-tesis\/\" \/>\n<meta property=\"og:site_name\" content=\"Doc Sherlock | Academic &amp; Publishing Consulting\" \/>\n<meta property=\"article:publisher\" content=\"https:\/\/www.facebook.com\/doc.sherlock.14\" \/>\n<meta property=\"article:modified_time\" content=\"2022-06-15T18:14:50+00:00\" \/>\n<meta name=\"twitter:card\" content=\"summary_large_image\" \/>\n<meta name=\"twitter:label1\" content=\"Tiempo de lectura\" \/>\n\t<meta name=\"twitter:data1\" content=\"8 minutos\" \/>\n<script type=\"application\/ld+json\" class=\"yoast-schema-graph\">{\"@context\":\"https:\\\/\\\/schema.org\",\"@graph\":[{\"@type\":\"WebPage\",\"@id\":\"https:\\\/\\\/www.docsherlock.com\\\/es\\\/agencia-literaria-para-investigadores\\\/carrera-despues-de-la-tesis\\\/\",\"url\":\"https:\\\/\\\/www.docsherlock.com\\\/es\\\/agencia-literaria-para-investigadores\\\/carrera-despues-de-la-tesis\\\/\",\"name\":\"Carrera despu\u00e9s de la tesis - Doc Sherlock | Academic &amp; Publishing Consulting\",\"isPartOf\":{\"@id\":\"https:\\\/\\\/www.docsherlock.com\\\/es\\\/#website\"},\"datePublished\":\"2022-06-05T14:46:15+00:00\",\"dateModified\":\"2022-06-15T18:14:50+00:00\",\"breadcrumb\":{\"@id\":\"https:\\\/\\\/www.docsherlock.com\\\/es\\\/agencia-literaria-para-investigadores\\\/carrera-despues-de-la-tesis\\\/#breadcrumb\"},\"inLanguage\":\"es\",\"potentialAction\":[{\"@type\":\"ReadAction\",\"target\":[\"https:\\\/\\\/www.docsherlock.com\\\/es\\\/agencia-literaria-para-investigadores\\\/carrera-despues-de-la-tesis\\\/\"]}]},{\"@type\":\"BreadcrumbList\",\"@id\":\"https:\\\/\\\/www.docsherlock.com\\\/es\\\/agencia-literaria-para-investigadores\\\/carrera-despues-de-la-tesis\\\/#breadcrumb\",\"itemListElement\":[{\"@type\":\"ListItem\",\"position\":1,\"name\":\"Accueil\",\"item\":\"https:\\\/\\\/www.docsherlock.com\\\/es\\\/\"},{\"@type\":\"ListItem\",\"position\":2,\"name\":\"Agencia literaria para investigadores\",\"item\":\"https:\\\/\\\/www.docsherlock.com\\\/es\\\/agencia-literaria-para-investigadores\\\/\"},{\"@type\":\"ListItem\",\"position\":3,\"name\":\"Carrera despu\u00e9s de la tesis\"}]},{\"@type\":\"WebSite\",\"@id\":\"https:\\\/\\\/www.docsherlock.com\\\/es\\\/#website\",\"url\":\"https:\\\/\\\/www.docsherlock.com\\\/es\\\/\",\"name\":\"Doc Sherlock | Academic &amp; Publishing Consulting\",\"description\":\"Augmentez vos chances d&#039;\u00eatre lu et bien lu\",\"publisher\":{\"@id\":\"https:\\\/\\\/www.docsherlock.com\\\/es\\\/#organization\"},\"potentialAction\":[{\"@type\":\"SearchAction\",\"target\":{\"@type\":\"EntryPoint\",\"urlTemplate\":\"https:\\\/\\\/www.docsherlock.com\\\/es\\\/?s={search_term_string}\"},\"query-input\":{\"@type\":\"PropertyValueSpecification\",\"valueRequired\":true,\"valueName\":\"search_term_string\"}}],\"inLanguage\":\"es\"},{\"@type\":\"Organization\",\"@id\":\"https:\\\/\\\/www.docsherlock.com\\\/es\\\/#organization\",\"name\":\"DOCSHERLOCK\",\"url\":\"https:\\\/\\\/www.docsherlock.com\\\/es\\\/\",\"logo\":{\"@type\":\"ImageObject\",\"inLanguage\":\"es\",\"@id\":\"https:\\\/\\\/www.docsherlock.com\\\/es\\\/#\\\/schema\\\/logo\\\/image\\\/\",\"url\":\"https:\\\/\\\/www.docsherlock.com\\\/wp-content\\\/uploads\\\/2022\\\/02\\\/docsherlock.png\",\"contentUrl\":\"https:\\\/\\\/www.docsherlock.com\\\/wp-content\\\/uploads\\\/2022\\\/02\\\/docsherlock.png\",\"width\":380,\"height\":380,\"caption\":\"DOCSHERLOCK\"},\"image\":{\"@id\":\"https:\\\/\\\/www.docsherlock.com\\\/es\\\/#\\\/schema\\\/logo\\\/image\\\/\"},\"sameAs\":[\"https:\\\/\\\/www.facebook.com\\\/doc.sherlock.14\"]}]}<\/script>\n<!-- \/ Yoast SEO plugin. -->","yoast_head_json":{"title":"Carrera despu\u00e9s de la tesis - Doc Sherlock | Academic &amp; Publishing Consulting","robots":{"index":"index","follow":"follow","max-snippet":"max-snippet:-1","max-image-preview":"max-image-preview:large","max-video-preview":"max-video-preview:-1"},"canonical":"https:\/\/www.docsherlock.com\/es\/agencia-literaria-para-investigadores\/carrera-despues-de-la-tesis\/","og_locale":"es_ES","og_type":"article","og_title":"Carrera despu\u00e9s de la tesis - Doc Sherlock | Academic &amp; Publishing Consulting","og_url":"https:\/\/www.docsherlock.com\/es\/agencia-literaria-para-investigadores\/carrera-despues-de-la-tesis\/","og_site_name":"Doc Sherlock | Academic &amp; Publishing Consulting","article_publisher":"https:\/\/www.facebook.com\/doc.sherlock.14","article_modified_time":"2022-06-15T18:14:50+00:00","twitter_card":"summary_large_image","twitter_misc":{"Tiempo de lectura":"8 minutos"},"schema":{"@context":"https:\/\/schema.org","@graph":[{"@type":"WebPage","@id":"https:\/\/www.docsherlock.com\/es\/agencia-literaria-para-investigadores\/carrera-despues-de-la-tesis\/","url":"https:\/\/www.docsherlock.com\/es\/agencia-literaria-para-investigadores\/carrera-despues-de-la-tesis\/","name":"Carrera despu\u00e9s de la tesis - Doc Sherlock | Academic &amp; Publishing Consulting","isPartOf":{"@id":"https:\/\/www.docsherlock.com\/es\/#website"},"datePublished":"2022-06-05T14:46:15+00:00","dateModified":"2022-06-15T18:14:50+00:00","breadcrumb":{"@id":"https:\/\/www.docsherlock.com\/es\/agencia-literaria-para-investigadores\/carrera-despues-de-la-tesis\/#breadcrumb"},"inLanguage":"es","potentialAction":[{"@type":"ReadAction","target":["https:\/\/www.docsherlock.com\/es\/agencia-literaria-para-investigadores\/carrera-despues-de-la-tesis\/"]}]},{"@type":"BreadcrumbList","@id":"https:\/\/www.docsherlock.com\/es\/agencia-literaria-para-investigadores\/carrera-despues-de-la-tesis\/#breadcrumb","itemListElement":[{"@type":"ListItem","position":1,"name":"Accueil","item":"https:\/\/www.docsherlock.com\/es\/"},{"@type":"ListItem","position":2,"name":"Agencia literaria para investigadores","item":"https:\/\/www.docsherlock.com\/es\/agencia-literaria-para-investigadores\/"},{"@type":"ListItem","position":3,"name":"Carrera despu\u00e9s de la tesis"}]},{"@type":"WebSite","@id":"https:\/\/www.docsherlock.com\/es\/#website","url":"https:\/\/www.docsherlock.com\/es\/","name":"Doc Sherlock | Academic &amp; Publishing Consulting","description":"Augmentez vos chances d&#039;\u00eatre lu et bien lu","publisher":{"@id":"https:\/\/www.docsherlock.com\/es\/#organization"},"potentialAction":[{"@type":"SearchAction","target":{"@type":"EntryPoint","urlTemplate":"https:\/\/www.docsherlock.com\/es\/?s={search_term_string}"},"query-input":{"@type":"PropertyValueSpecification","valueRequired":true,"valueName":"search_term_string"}}],"inLanguage":"es"},{"@type":"Organization","@id":"https:\/\/www.docsherlock.com\/es\/#organization","name":"DOCSHERLOCK","url":"https:\/\/www.docsherlock.com\/es\/","logo":{"@type":"ImageObject","inLanguage":"es","@id":"https:\/\/www.docsherlock.com\/es\/#\/schema\/logo\/image\/","url":"https:\/\/www.docsherlock.com\/wp-content\/uploads\/2022\/02\/docsherlock.png","contentUrl":"https:\/\/www.docsherlock.com\/wp-content\/uploads\/2022\/02\/docsherlock.png","width":380,"height":380,"caption":"DOCSHERLOCK"},"image":{"@id":"https:\/\/www.docsherlock.com\/es\/#\/schema\/logo\/image\/"},"sameAs":["https:\/\/www.facebook.com\/doc.sherlock.14"]}]}},"_links":{"self":[{"href":"https:\/\/www.docsherlock.com\/es\/wp-json\/wp\/v2\/pages\/1060","targetHints":{"allow":["GET"]}}],"collection":[{"href":"https:\/\/www.docsherlock.com\/es\/wp-json\/wp\/v2\/pages"}],"about":[{"href":"https:\/\/www.docsherlock.com\/es\/wp-json\/wp\/v2\/types\/page"}],"author":[{"embeddable":true,"href":"https:\/\/www.docsherlock.com\/es\/wp-json\/wp\/v2\/users\/2"}],"replies":[{"embeddable":true,"href":"https:\/\/www.docsherlock.com\/es\/wp-json\/wp\/v2\/comments?post=1060"}],"version-history":[{"count":6,"href":"https:\/\/www.docsherlock.com\/es\/wp-json\/wp\/v2\/pages\/1060\/revisions"}],"predecessor-version":[{"id":1104,"href":"https:\/\/www.docsherlock.com\/es\/wp-json\/wp\/v2\/pages\/1060\/revisions\/1104"}],"up":[{"embeddable":true,"href":"https:\/\/www.docsherlock.com\/es\/wp-json\/wp\/v2\/pages\/1043"}],"wp:attachment":[{"href":"https:\/\/www.docsherlock.com\/es\/wp-json\/wp\/v2\/media?parent=1060"}],"curies":[{"name":"wp","href":"https:\/\/api.w.org\/{rel}","templated":true}]}}