{"id":1043,"date":"2022-05-28T14:31:37","date_gmt":"2022-05-28T12:31:37","guid":{"rendered":"https:\/\/www.docsherlock.com\/?page_id=1043"},"modified":"2022-06-05T16:47:51","modified_gmt":"2022-06-05T14:47:51","slug":"agencia-literaria-para-investigadores","status":"publish","type":"page","link":"https:\/\/www.docsherlock.com\/es\/agencia-literaria-para-investigadores\/","title":{"rendered":"Agencia literaria para investigadores"},"content":{"rendered":"\n<style type=\"text\/css\" data-created_by=\"avia_inline_auto\" id=\"style-css-av-l3jqqe0v-5b5c02b2fe04c3e444a1407344436e96\">\n#top .av-special-heading.av-l3jqqe0v-5b5c02b2fe04c3e444a1407344436e96{\npadding-bottom:10px;\n}\nbody .av-special-heading.av-l3jqqe0v-5b5c02b2fe04c3e444a1407344436e96 .av-special-heading-tag .heading-char{\nfont-size:25px;\n}\n.av-special-heading.av-l3jqqe0v-5b5c02b2fe04c3e444a1407344436e96 .av-subheading{\nfont-size:15px;\n}\n<\/style>\n<div  class='av-special-heading av-l3jqqe0v-5b5c02b2fe04c3e444a1407344436e96 av-special-heading-h2  avia-builder-el-0  el_before_av_textblock  avia-builder-el-first '><h2 class='av-special-heading-tag'  itemprop=\"headline\"  >Un agente para acompa\u00f1arle en sus publicaciones<\/h2><div class=\"special-heading-border\"><div class=\"special-heading-inner-border\"><\/div><\/div><\/div>\n<section  class='av_textblock_section av-l3jqgiqt-747675838c9306af663a75feb0f46fd6'  itemscope=\"itemscope\" itemtype=\"https:\/\/schema.org\/CreativeWork\" ><div class='avia_textblock'  itemprop=\"text\" ><p>Relativamente conocida para los novelistas, la profesi\u00f3n de agente literario a\u00fan no se ha trasladado al mundo acad\u00e9mico. Sin embargo, las publicaciones son fundamentales en el sistema como prueba del valor acad\u00e9mico del investigador. Sin embargo, el investigador -y especialmente el joven investigador- no suele tener ni idea de d\u00f3nde publicar ni de c\u00f3mo leer un contrato de publicaci\u00f3n. Las editoriales acad\u00e9micas forman un ecosistema muy especial, que conviene conocer para construir una <a href=\"https:\/\/www.docsherlock.com\/es\/agencia-literaria-para-investigadores\/estrategia-publicacion\/\">estrategia de publicaci\u00f3n adaptada a las necesidades y los sue\u00f1os del investigador<\/a>. Como agencia literaria para autores-investigadores, recibimos sus proyectos y le asesoramos y\/o acompa\u00f1amos en su publicaci\u00f3n.<\/p>\n<\/div><\/section>\n\n<style type=\"text\/css\" data-created_by=\"avia_inline_auto\" id=\"style-css-av-l3jqr1vj-e9e428a9889e35e2a941e53f86a20365\">\n#top .av-special-heading.av-l3jqr1vj-e9e428a9889e35e2a941e53f86a20365{\npadding-bottom:10px;\n}\nbody .av-special-heading.av-l3jqr1vj-e9e428a9889e35e2a941e53f86a20365 .av-special-heading-tag .heading-char{\nfont-size:25px;\n}\n.av-special-heading.av-l3jqr1vj-e9e428a9889e35e2a941e53f86a20365 .av-subheading{\nfont-size:15px;\n}\n<\/style>\n<div  class='av-special-heading av-l3jqr1vj-e9e428a9889e35e2a941e53f86a20365 av-special-heading-h2  avia-builder-el-2  el_after_av_textblock  el_before_av_textblock '><h2 class='av-special-heading-tag'  itemprop=\"headline\"  >\u00bfUn empleo despu\u00e9s de la tesis doctoral?<\/h2><div class=\"special-heading-border\"><div class=\"special-heading-inner-border\"><\/div><\/div><\/div>\n<section  class='av_textblock_section av-l3jqrih7-fd75aa2120956cfb9f0a7b4eb11fbe91'  itemscope=\"itemscope\" itemtype=\"https:\/\/schema.org\/CreativeWork\" ><div class='avia_textblock'  itemprop=\"text\" ><p>Otra misi\u00f3n de la agencia se refiere a <a href=\"https:\/\/www.docsherlock.com\/es\/agencia-literaria-para-investigadores\/carrera-despues-de-la-tesis\/\">la carrera no acad\u00e9mica de los doctores<\/a>. Centrados durante a\u00f1os en su tema de doctorado, aprendiendo constantemente c\u00f3mo funciona el sistema acad\u00e9mico y c\u00f3mo escalarlo, los (futuros) doctores tienen pocos incentivos para construir una carrera fuera de la academia. Desde 2016, he estado en contacto con estudiantes de doctorado y doctores, a trav\u00e9s de la formaci\u00f3n o la tutor\u00eda, para abordar sus dificultades en este sentido.<\/p>\n<\/div><\/section>\n","protected":false},"excerpt":{"rendered":"","protected":false},"author":2,"featured_media":0,"parent":0,"menu_order":2,"comment_status":"closed","ping_status":"closed","template":"","meta":{"_monsterinsights_skip_tracking":false,"_monsterinsights_sitenote_active":false,"_monsterinsights_sitenote_note":"","_monsterinsights_sitenote_category":0,"_uf_show_specific_survey":0,"_uf_disable_surveys":false,"footnotes":""},"class_list":["post-1043","page","type-page","status-publish","hentry"],"aioseo_notices":[],"yoast_head":"<!-- This site is optimized with the Yoast SEO plugin v27.6 - https:\/\/yoast.com\/product\/yoast-seo-wordpress\/ -->\n<title>Agencia literaria para investigadores - Doc Sherlock | Academic &amp; Publishing Consulting<\/title>\n<meta name=\"robots\" content=\"index, follow, max-snippet:-1, max-image-preview:large, max-video-preview:-1\" \/>\n<link rel=\"canonical\" href=\"https:\/\/www.docsherlock.com\/es\/agencia-literaria-para-investigadores\/\" \/>\n<meta property=\"og:locale\" content=\"es_ES\" \/>\n<meta property=\"og:type\" content=\"article\" \/>\n<meta property=\"og:title\" content=\"Agencia literaria para investigadores - Doc Sherlock | Academic &amp; Publishing Consulting\" \/>\n<meta property=\"og:url\" content=\"https:\/\/www.docsherlock.com\/es\/agencia-literaria-para-investigadores\/\" \/>\n<meta property=\"og:site_name\" content=\"Doc Sherlock | Academic &amp; Publishing Consulting\" \/>\n<meta property=\"article:publisher\" content=\"https:\/\/www.facebook.com\/doc.sherlock.14\" \/>\n<meta property=\"article:modified_time\" content=\"2022-06-05T14:47:51+00:00\" \/>\n<meta name=\"twitter:card\" content=\"summary_large_image\" \/>\n<meta name=\"twitter:label1\" content=\"Tiempo de lectura\" \/>\n\t<meta name=\"twitter:data1\" content=\"2 minutos\" \/>\n<script type=\"application\/ld+json\" class=\"yoast-schema-graph\">{\"@context\":\"https:\\\/\\\/schema.org\",\"@graph\":[{\"@type\":\"WebPage\",\"@id\":\"https:\\\/\\\/www.docsherlock.com\\\/es\\\/agencia-literaria-para-investigadores\\\/\",\"url\":\"https:\\\/\\\/www.docsherlock.com\\\/es\\\/agencia-literaria-para-investigadores\\\/\",\"name\":\"Agencia literaria para investigadores - Doc Sherlock | Academic &amp; Publishing Consulting\",\"isPartOf\":{\"@id\":\"https:\\\/\\\/www.docsherlock.com\\\/es\\\/#website\"},\"datePublished\":\"2022-05-28T12:31:37+00:00\",\"dateModified\":\"2022-06-05T14:47:51+00:00\",\"breadcrumb\":{\"@id\":\"https:\\\/\\\/www.docsherlock.com\\\/es\\\/agencia-literaria-para-investigadores\\\/#breadcrumb\"},\"inLanguage\":\"es\",\"potentialAction\":[{\"@type\":\"ReadAction\",\"target\":[\"https:\\\/\\\/www.docsherlock.com\\\/es\\\/agencia-literaria-para-investigadores\\\/\"]}]},{\"@type\":\"BreadcrumbList\",\"@id\":\"https:\\\/\\\/www.docsherlock.com\\\/es\\\/agencia-literaria-para-investigadores\\\/#breadcrumb\",\"itemListElement\":[{\"@type\":\"ListItem\",\"position\":1,\"name\":\"Accueil\",\"item\":\"https:\\\/\\\/www.docsherlock.com\\\/es\\\/\"},{\"@type\":\"ListItem\",\"position\":2,\"name\":\"Agencia literaria para investigadores\"}]},{\"@type\":\"WebSite\",\"@id\":\"https:\\\/\\\/www.docsherlock.com\\\/es\\\/#website\",\"url\":\"https:\\\/\\\/www.docsherlock.com\\\/es\\\/\",\"name\":\"Doc Sherlock | Academic &amp; Publishing Consulting\",\"description\":\"Augmentez vos chances d&#039;\u00eatre lu et bien lu\",\"publisher\":{\"@id\":\"https:\\\/\\\/www.docsherlock.com\\\/es\\\/#organization\"},\"potentialAction\":[{\"@type\":\"SearchAction\",\"target\":{\"@type\":\"EntryPoint\",\"urlTemplate\":\"https:\\\/\\\/www.docsherlock.com\\\/es\\\/?s={search_term_string}\"},\"query-input\":{\"@type\":\"PropertyValueSpecification\",\"valueRequired\":true,\"valueName\":\"search_term_string\"}}],\"inLanguage\":\"es\"},{\"@type\":\"Organization\",\"@id\":\"https:\\\/\\\/www.docsherlock.com\\\/es\\\/#organization\",\"name\":\"DOCSHERLOCK\",\"url\":\"https:\\\/\\\/www.docsherlock.com\\\/es\\\/\",\"logo\":{\"@type\":\"ImageObject\",\"inLanguage\":\"es\",\"@id\":\"https:\\\/\\\/www.docsherlock.com\\\/es\\\/#\\\/schema\\\/logo\\\/image\\\/\",\"url\":\"https:\\\/\\\/www.docsherlock.com\\\/wp-content\\\/uploads\\\/2022\\\/02\\\/docsherlock.png\",\"contentUrl\":\"https:\\\/\\\/www.docsherlock.com\\\/wp-content\\\/uploads\\\/2022\\\/02\\\/docsherlock.png\",\"width\":380,\"height\":380,\"caption\":\"DOCSHERLOCK\"},\"image\":{\"@id\":\"https:\\\/\\\/www.docsherlock.com\\\/es\\\/#\\\/schema\\\/logo\\\/image\\\/\"},\"sameAs\":[\"https:\\\/\\\/www.facebook.com\\\/doc.sherlock.14\"]}]}<\/script>\n<!-- \/ Yoast SEO plugin. -->","yoast_head_json":{"title":"Agencia literaria para investigadores - Doc Sherlock | Academic &amp; Publishing Consulting","robots":{"index":"index","follow":"follow","max-snippet":"max-snippet:-1","max-image-preview":"max-image-preview:large","max-video-preview":"max-video-preview:-1"},"canonical":"https:\/\/www.docsherlock.com\/es\/agencia-literaria-para-investigadores\/","og_locale":"es_ES","og_type":"article","og_title":"Agencia literaria para investigadores - Doc Sherlock | Academic &amp; Publishing Consulting","og_url":"https:\/\/www.docsherlock.com\/es\/agencia-literaria-para-investigadores\/","og_site_name":"Doc Sherlock | Academic &amp; Publishing Consulting","article_publisher":"https:\/\/www.facebook.com\/doc.sherlock.14","article_modified_time":"2022-06-05T14:47:51+00:00","twitter_card":"summary_large_image","twitter_misc":{"Tiempo de lectura":"2 minutos"},"schema":{"@context":"https:\/\/schema.org","@graph":[{"@type":"WebPage","@id":"https:\/\/www.docsherlock.com\/es\/agencia-literaria-para-investigadores\/","url":"https:\/\/www.docsherlock.com\/es\/agencia-literaria-para-investigadores\/","name":"Agencia literaria para investigadores - Doc Sherlock | Academic &amp; Publishing Consulting","isPartOf":{"@id":"https:\/\/www.docsherlock.com\/es\/#website"},"datePublished":"2022-05-28T12:31:37+00:00","dateModified":"2022-06-05T14:47:51+00:00","breadcrumb":{"@id":"https:\/\/www.docsherlock.com\/es\/agencia-literaria-para-investigadores\/#breadcrumb"},"inLanguage":"es","potentialAction":[{"@type":"ReadAction","target":["https:\/\/www.docsherlock.com\/es\/agencia-literaria-para-investigadores\/"]}]},{"@type":"BreadcrumbList","@id":"https:\/\/www.docsherlock.com\/es\/agencia-literaria-para-investigadores\/#breadcrumb","itemListElement":[{"@type":"ListItem","position":1,"name":"Accueil","item":"https:\/\/www.docsherlock.com\/es\/"},{"@type":"ListItem","position":2,"name":"Agencia literaria para investigadores"}]},{"@type":"WebSite","@id":"https:\/\/www.docsherlock.com\/es\/#website","url":"https:\/\/www.docsherlock.com\/es\/","name":"Doc Sherlock | Academic &amp; Publishing Consulting","description":"Augmentez vos chances d&#039;\u00eatre lu et bien lu","publisher":{"@id":"https:\/\/www.docsherlock.com\/es\/#organization"},"potentialAction":[{"@type":"SearchAction","target":{"@type":"EntryPoint","urlTemplate":"https:\/\/www.docsherlock.com\/es\/?s={search_term_string}"},"query-input":{"@type":"PropertyValueSpecification","valueRequired":true,"valueName":"search_term_string"}}],"inLanguage":"es"},{"@type":"Organization","@id":"https:\/\/www.docsherlock.com\/es\/#organization","name":"DOCSHERLOCK","url":"https:\/\/www.docsherlock.com\/es\/","logo":{"@type":"ImageObject","inLanguage":"es","@id":"https:\/\/www.docsherlock.com\/es\/#\/schema\/logo\/image\/","url":"https:\/\/www.docsherlock.com\/wp-content\/uploads\/2022\/02\/docsherlock.png","contentUrl":"https:\/\/www.docsherlock.com\/wp-content\/uploads\/2022\/02\/docsherlock.png","width":380,"height":380,"caption":"DOCSHERLOCK"},"image":{"@id":"https:\/\/www.docsherlock.com\/es\/#\/schema\/logo\/image\/"},"sameAs":["https:\/\/www.facebook.com\/doc.sherlock.14"]}]}},"_links":{"self":[{"href":"https:\/\/www.docsherlock.com\/es\/wp-json\/wp\/v2\/pages\/1043","targetHints":{"allow":["GET"]}}],"collection":[{"href":"https:\/\/www.docsherlock.com\/es\/wp-json\/wp\/v2\/pages"}],"about":[{"href":"https:\/\/www.docsherlock.com\/es\/wp-json\/wp\/v2\/types\/page"}],"author":[{"embeddable":true,"href":"https:\/\/www.docsherlock.com\/es\/wp-json\/wp\/v2\/users\/2"}],"replies":[{"embeddable":true,"href":"https:\/\/www.docsherlock.com\/es\/wp-json\/wp\/v2\/comments?post=1043"}],"version-history":[{"count":6,"href":"https:\/\/www.docsherlock.com\/es\/wp-json\/wp\/v2\/pages\/1043\/revisions"}],"predecessor-version":[{"id":1073,"href":"https:\/\/www.docsherlock.com\/es\/wp-json\/wp\/v2\/pages\/1043\/revisions\/1073"}],"wp:attachment":[{"href":"https:\/\/www.docsherlock.com\/es\/wp-json\/wp\/v2\/media?parent=1043"}],"curies":[{"name":"wp","href":"https:\/\/api.w.org\/{rel}","templated":true}]}}